{"id":4282,"date":"2026-02-28T16:42:55","date_gmt":"2026-02-28T14:42:55","guid":{"rendered":"https:\/\/alahmadmedical.com\/?post_type=product&#038;p=4282"},"modified":"2026-02-28T16:45:00","modified_gmt":"2026-02-28T14:45:00","slug":"diathermy-led-120w-italian","status":"publish","type":"product","link":"https:\/\/alahmadmedical.com\/en\/product\/%d8%af%d9%8a%d8%a7%d8%ab%d8%b1%d9%85%d9%8a-%d9%84%d9%8a%d8%af-120%d9%88%d8%a7%d8%aa-%d8%a7%d9%8a%d8%b7%d8%a7%d9%84%d9%8a\/","title":{"rendered":"Diathermy led 120W Italian"},"content":{"rendered":"<p>The SURTRON 120 is a high-frequency electrosurgical device, suitable for light and medium surgeries.<\/p>\n<p>The SURTRON 120, thanks to its outstanding performance, makes it possible to perform pure cutting, cutting with combined coagulation, forced surface coagulation, deep coagulation without necrosis, bipolar coagulation using a special adapter.<\/p>\n<p>Digital reading of the conductive power and monitoring of operating functions by a microcontroller ensure complete reliability of working conditions.<\/p>\n<p>The SURTRON 120 enables highly professional surgery thanks to its easy-to-use and safe solutions.<\/p>\n<p>The conductivity of the neutral electrode is constantly monitored. The patient's contact with the plate is also controlled using a separate neutral electrode. The possibility of controlling the functions of the unipolar output, as well as the delivery of output power, makes it possible to perform the surgical procedure without distracting the surgeon's attention from the surgical area.<\/p>\n<p>Underwater cutting and coagulation<\/p>\n<p>Features<br \/>\nCode 10100.201<br \/>\nMaximum cutting output capacity<br \/>\n120 W \u2013 250 Ohms<br \/>\nMaximum mixing output capacity<br \/>\n90 w \u2013 200 ohms<br \/>\nMaximum output capacity for forced coagulation<br \/>\n80 w \u2013 150 ohms<br \/>\nMaximum output capacity for gentle coagulation<br \/>\n60W \u2013 100 ohms<br \/>\nMaximum bipolar output capacity<br \/>\n40 w \u2013 100 ohms<br \/>\nOperating frequency 600 kHz<br \/>\nPatient circle F<br \/>\nSelectable input voltage 115-230V AC<br \/>\nThe frequency of the electric current is 50-60 Hz<br \/>\nElectrical input power 300vah<br \/>\nDimensions (Width \u00d7 Height \u00d7 depth): 254 \u00d7 104 \u00d7 288 mm<br \/>\nWeight: 5kg<\/p>\n<p>Control<br \/>\nPatient circuit monitoring \/ painting<br \/>\nOutput capacity monitoring<br \/>\nSelf-control inspection<\/p>\n<p>Safety<br \/>\nEN60601-1<br \/>\nEN60601-1-2<br \/>\nEN60601-2-2<br \/>\nElectric Class: I CF<\/p>\n<p>MDR 2017\/745\/UE \u0627\u0644\u0641\u0626\u0629: II b<\/p>","protected":false},"excerpt":{"rendered":"<p>\u062c\u0647\u0627\u0632 SURTRON 120 \u0647\u0648 \u062c\u0647\u0627\u0632 \u062c\u0631\u0627\u062d\u0629 \u0643\u0647\u0631\u0628\u0627\u0626\u064a\u0629 \u0639\u0627\u0644\u064a \u0627\u0644\u062a\u0631\u062f\u062f\u060c \u0645\u0646\u0627\u0633\u0628 \u0644\u0644\u062c\u0631\u0627\u062d\u0627\u062a \u0627\u0644\u062e\u0641\u064a\u0641\u0629 \u0648\u0627\u0644\u0645\u062a\u0648\u0633\u0637\u0629. \u064a\u064f\u062a\u064a\u062d \u062c\u0647\u0627\u0632 SURTRON 120\u060c \u0628\u0641\u0636\u0644 \u0623\u062f\u0627\u0626\u0647 \u0627\u0644\u0645\u062a\u0645\u064a\u0632\u060c \u0625\u062c\u0631\u0627\u0621 \u0639\u0645\u0644\u064a\u0627\u062a \u0627\u0644\u0642\u0637\u0639 \u0627\u0644\u0646\u0642\u064a\u060c \u0648\u0627\u0644\u0642\u0637\u0639 \u0645\u0639 \u0627\u0644\u062a\u062e\u062b\u064a\u0631 \u0627\u0644\u0645\u062f\u0645\u062c\u060c \u0648\u0627\u0644\u062a\u062e\u062b\u064a\u0631 \u0627\u0644\u0633\u0637\u062d\u064a \u0627\u0644\u0642\u0633\u0631\u064a\u060c \u0648\u0627\u0644\u062a\u062e\u062b\u064a\u0631 \u0627\u0644\u0639\u0645\u064a\u0642 \u062f\u0648\u0646 \u062d\u062f\u0648\u062b \u0646\u062e\u0631\u060c \u0648\u0627\u0644\u062a\u062e\u062b\u064a\u0631 \u062b\u0646\u0627\u0626\u064a \u0627\u0644\u0642\u0637\u0628 \u0628\u0627\u0633\u062a\u062e\u062f\u0627\u0645 \u0645\u062d\u0648\u0644 \u062e\u0627\u0635. \u062a\u0636\u0645\u0646 \u0627\u0644\u0642\u0631\u0627\u0621\u0629 \u0627\u0644\u0631\u0642\u0645\u064a\u0629 \u0644\u0644\u0637\u0627\u0642\u0629 \u0627\u0644\u0645\u064f\u0648\u064e\u0635\u064e\u0651\u0644\u0629 \u0648\u0645\u0631\u0627\u0642\u0628\u0629 \u0648\u0638\u0627\u0626\u0641 \u0627\u0644\u062a\u0634\u063a\u064a\u0644 \u0628\u0648\u0627\u0633\u0637\u0629 \u0648\u062d\u062f\u0629 \u062a\u062d\u0643\u0645 \u062f\u0642\u064a\u0642\u0629 \u0645\u0648\u062b\u0648\u0642\u064a\u0629 [&hellip;]<\/p>\n","protected":false},"featured_media":4286,"comment_status":"open","ping_status":"closed","template":"","meta":{"_acf_changed":false,"site-sidebar-layout":"default","site-content-layout":"","ast-site-content-layout":"default","site-content-style":"default","site-sidebar-style":"default","ast-global-header-display":"","ast-banner-title-visibility":"","ast-main-header-display":"","ast-hfb-above-header-display":"","ast-hfb-below-header-display":"","ast-hfb-mobile-header-display":"","site-post-title":"","ast-breadcrumbs-content":"","ast-featured-img":"","footer-sml-layout":"","ast-disable-related-posts":"","theme-transparent-header-meta":"default","adv-header-id-meta":"","stick-header-meta":"","header-above-stick-meta":"","header-main-stick-meta":"","header-below-stick-meta":"","astra-migrate-meta-layouts":"set","ast-page-background-enabled":"default","ast-page-background-meta":{"desktop":{"background-color":"","background-image":"","background-repeat":"repeat","background-position":"center center","background-size":"auto","background-attachment":"scroll","background-type":"","background-media":"","overlay-type":"","overlay-color":"","overlay-opacity":"","overlay-gradient":""},"tablet":{"background-color":"","background-image":"","background-repeat":"repeat","background-position":"center center","background-size":"auto","background-attachment":"scroll","background-type":"","background-media":"","overlay-type":"","overlay-color":"","overlay-opacity":"","overlay-gradient":""},"mobile":{"background-color":"","background-image":"","background-repeat":"repeat","background-position":"center center","background-size":"auto","background-attachment":"scroll","background-type":"","background-media":"","overlay-type":"","overlay-color":"","overlay-opacity":"","overlay-gradient":""}},"ast-content-background-meta":{"desktop":{"background-color":"var(--ast-global-color-5)","background-image":"","background-repeat":"repeat","background-position":"center center","background-size":"auto","background-attachment":"scroll","background-type":"","background-media":"","overlay-type":"","overlay-color":"","overlay-opacity":"","overlay-gradient":""},"tablet":{"background-color":"var(--ast-global-color-5)","background-image":"","background-repeat":"repeat","background-position":"center center","background-size":"auto","background-attachment":"scroll","background-type":"","background-media":"","overlay-type":"","overlay-color":"","overlay-opacity":"","overlay-gradient":""},"mobile":{"background-color":"var(--ast-global-color-5)","background-image":"","background-repeat":"repeat","background-position":"center center","background-size":"auto","background-attachment":"scroll","background-type":"","background-media":"","overlay-type":"","overlay-color":"","overlay-opacity":"","overlay-gradient":""}}},"product_brand":[],"product_cat":[21,24],"product_tag":[],"class_list":{"0":"post-4282","1":"product","2":"type-product","3":"status-publish","4":"has-post-thumbnail","6":"product_cat-21","7":"product_cat-24","8":"desktop-align-left","9":"tablet-align-left","10":"mobile-align-left","12":"first","13":"instock","14":"shipping-taxable","15":"purchasable","16":"product-type-simple"},"acf":[],"_links":{"self":[{"href":"https:\/\/alahmadmedical.com\/en\/wp-json\/wp\/v2\/product\/4282","targetHints":{"allow":["GET"]}}],"collection":[{"href":"https:\/\/alahmadmedical.com\/en\/wp-json\/wp\/v2\/product"}],"about":[{"href":"https:\/\/alahmadmedical.com\/en\/wp-json\/wp\/v2\/types\/product"}],"replies":[{"embeddable":true,"href":"https:\/\/alahmadmedical.com\/en\/wp-json\/wp\/v2\/comments?post=4282"}],"wp:featuredmedia":[{"embeddable":true,"href":"https:\/\/alahmadmedical.com\/en\/wp-json\/wp\/v2\/media\/4286"}],"wp:attachment":[{"href":"https:\/\/alahmadmedical.com\/en\/wp-json\/wp\/v2\/media?parent=4282"}],"wp:term":[{"taxonomy":"product_brand","embeddable":true,"href":"https:\/\/alahmadmedical.com\/en\/wp-json\/wp\/v2\/product_brand?post=4282"},{"taxonomy":"product_cat","embeddable":true,"href":"https:\/\/alahmadmedical.com\/en\/wp-json\/wp\/v2\/product_cat?post=4282"},{"taxonomy":"product_tag","embeddable":true,"href":"https:\/\/alahmadmedical.com\/en\/wp-json\/wp\/v2\/product_tag?post=4282"}],"curies":[{"name":"wp","href":"https:\/\/api.w.org\/{rel}","templated":true}]}}